{"id":5340,"date":"2022-11-06T13:17:51","date_gmt":"2022-11-06T13:17:51","guid":{"rendered":"https:\/\/lesagaadventure.com\/fre\/?page_id=5340"},"modified":"2023-06-19T16:48:45","modified_gmt":"2023-06-19T16:48:45","slug":"safari-rhino","status":"publish","type":"page","link":"https:\/\/lesagaadventure.com\/fre\/safari-rhino\/","title":{"rendered":"SAFARI RHINO"},"content":{"rendered":"<p>[vc_row][vc_column width=&#8221;1\/4&#8243;][vc_single_image image=&#8221;5365&#8243; img_size=&#8221;full&#8221;][\/vc_column][vc_column width=&#8221;3\/4&#8243;][vc_column_text]<strong>Day1:\u00a0<\/strong>Reception at the airport and driving to Arusha at yourhotel<\/p>\n<p><strong>Day 2:Arusha &gt;Tarangire National PArk<\/strong><\/p>\n<p>On the morningyouwillleave Arusha for Tarangire National Park. Game drive in the park. Dinner and overnight at Mto Wa Mbu. Camp or Lodge<\/p>\n<p><strong>D 3\u00a0: MtowaMbu&gt; Serengeti National Park<\/strong><\/p>\n<p>On the morning, driving to Serengeti National Park. Game drive. Dinner and overnight in the park in. Camp or Tented lodge\/Lodge<\/p>\n<p><strong>Day 4\u00a0: Serengeti National Park.<\/strong><\/p>\n<p>Game drive all the day. Dinner and overnight in the park in Camp or Tented lodge\/Lodge<\/p>\n<p><strong>Day 5. Serengeti &gt;Ngorongoro crater<\/strong><\/p>\n<p>On the morning driving to Ngorongoro. Game drive all the day in the crater. At the end of the afternoon driving to Karatu for dinner and overnight. Camp or Lodge<\/p>\n<p><strong>Day 6\u00a0: Karati&gt; Lake Eyasi<\/strong><\/p>\n<p>On the morning, departure for Lake Eyasi. There you will visit a scholl, then a oignon plantation. On the evening, hikking around the lake at sunset. Diner and Overnight at Eyasi. Camp or lodge.<\/p>\n<p><strong>Day 7\u00a0: Ethnics meetings.Lake Eyasi&gt;Manyara<\/strong><\/p>\n<p>T\u00f4t le matin, vous irez chasser avec les Hadzabe. Moment in solite. Puis vous visiterez une famile de Datogas, le peuple forgeron. D\u00e9jeuner et vous partirez pour le Parc National de Manyara. Demi journ\u00e9e de safari. Diner et nuit \u00e0 Mto Wa Mbu. Camp or lodge.<\/p>\n<p>Early on the morning, you will go with Hadaza betri before ahunting. Amazing experience! Then you Will visit a Datoga family. Luch and you Will goto Manyara NAtional Park for a half day game drive. Dinner and overnight at Mto Wa Mbu. Camp or Lodge<\/p>\n<p><strong>Day 8\u00a0: Mto Wa mbu&gt; Arusha<\/strong><\/p>\n<p>On the morning, back to Arusha. Masai village visit (option).Arriving at Arusha, wewill drop you in town or at the airport. End of service.<\/p>\n<p><strong>Price:<\/strong> <strong>Price:<\/strong> from 1700 Euros\/person[\/vc_column_text][\/vc_column][\/vc_row]<\/p>\n","protected":false},"excerpt":{"rendered":"<p>[vc_row][vc_column width=&#8221;1\/4&#8243;][vc_single_image image=&#8221;5365&#8243; img_size=&#8221;full&#8221;][\/vc_column][vc_column width=&#8221;3\/4&#8243;][vc_column_text]Day1:\u00a0Reception at the airport and driving to Arusha at yourhotel Day 2:Arusha &gt;Tarangire National PArk On the morningyouwillleave Arusha for Tarangire National Park. Game drive in [&hellip;]<\/p>\n","protected":false},"author":1,"featured_media":0,"parent":0,"menu_order":0,"comment_status":"closed","ping_status":"closed","template":"","meta":{"footnotes":""},"class_list":["post-5340","page","type-page","status-publish","hentry",null],"yoast_head":"<!-- This site is optimized with the Yoast SEO plugin v19.9 - https:\/\/yoast.com\/wordpress\/plugins\/seo\/ -->\n<title>SAFARI RHINO - Lesaga Adventure Safaris<\/title>\n<meta name=\"robots\" content=\"index, follow, max-snippet:-1, max-image-preview:large, max-video-preview:-1\" \/>\n<link rel=\"canonical\" href=\"https:\/\/lesagaadventure.com\/fre\/safari-rhino\/\" \/>\n<meta property=\"og:locale\" content=\"en_US\" \/>\n<meta property=\"og:type\" content=\"article\" \/>\n<meta property=\"og:title\" content=\"SAFARI RHINO - Lesaga Adventure Safaris\" \/>\n<meta property=\"og:description\" content=\"[vc_row][vc_column width=&#8221;1\/4&#8243;][vc_single_image image=&#8221;5365&#8243; img_size=&#8221;full&#8221;][\/vc_column][vc_column width=&#8221;3\/4&#8243;][vc_column_text]Day1:\u00a0Reception at the airport and driving to Arusha at yourhotel Day 2:Arusha &gt;Tarangire National PArk On the morningyouwillleave Arusha for Tarangire National Park. Game drive in [&hellip;]\" \/>\n<meta property=\"og:url\" content=\"https:\/\/lesagaadventure.com\/fre\/safari-rhino\/\" \/>\n<meta property=\"og:site_name\" content=\"Lesaga Adventure Safaris\" \/>\n<meta property=\"article:publisher\" content=\"https:\/\/www.facebook.com\/lesagaadventure\" \/>\n<meta property=\"article:modified_time\" content=\"2023-06-19T16:48:45+00:00\" \/>\n<meta name=\"twitter:card\" content=\"summary_large_image\" \/>\n<meta name=\"twitter:label1\" content=\"Est. reading time\" \/>\n\t<meta name=\"twitter:data1\" content=\"2 minutes\" \/>\n<script type=\"application\/ld+json\" class=\"yoast-schema-graph\">{\"@context\":\"https:\/\/schema.org\",\"@graph\":[{\"@type\":\"WebPage\",\"@id\":\"https:\/\/lesagaadventure.com\/fre\/safari-rhino\/\",\"url\":\"https:\/\/lesagaadventure.com\/fre\/safari-rhino\/\",\"name\":\"SAFARI RHINO - Lesaga Adventure Safaris\",\"isPartOf\":{\"@id\":\"https:\/\/lesagaadventure.com\/fre\/#website\"},\"datePublished\":\"2022-11-06T13:17:51+00:00\",\"dateModified\":\"2023-06-19T16:48:45+00:00\",\"breadcrumb\":{\"@id\":\"https:\/\/lesagaadventure.com\/fre\/safari-rhino\/#breadcrumb\"},\"inLanguage\":\"en-US\",\"potentialAction\":[{\"@type\":\"ReadAction\",\"target\":[\"https:\/\/lesagaadventure.com\/fre\/safari-rhino\/\"]}]},{\"@type\":\"BreadcrumbList\",\"@id\":\"https:\/\/lesagaadventure.com\/fre\/safari-rhino\/#breadcrumb\",\"itemListElement\":[{\"@type\":\"ListItem\",\"position\":1,\"name\":\"Home\",\"item\":\"https:\/\/lesagaadventure.com\/fre\/fre\/\"},{\"@type\":\"ListItem\",\"position\":2,\"name\":\"SAFARI RHINO\"}]},{\"@type\":\"WebSite\",\"@id\":\"https:\/\/lesagaadventure.com\/fre\/#website\",\"url\":\"https:\/\/lesagaadventure.com\/fre\/\",\"name\":\"Lesaga Adventure\",\"description\":\"Adventure Safari in Tanzania, Mt Kilimanjaro Trekking\",\"publisher\":{\"@id\":\"https:\/\/lesagaadventure.com\/fre\/#organization\"},\"potentialAction\":[{\"@type\":\"SearchAction\",\"target\":{\"@type\":\"EntryPoint\",\"urlTemplate\":\"https:\/\/lesagaadventure.com\/fre\/?s={search_term_string}\"},\"query-input\":\"required name=search_term_string\"}],\"inLanguage\":\"en-US\"},{\"@type\":\"Organization\",\"@id\":\"https:\/\/lesagaadventure.com\/fre\/#organization\",\"name\":\"Lesaga Adventure\",\"url\":\"https:\/\/lesagaadventure.com\/fre\/\",\"logo\":{\"@type\":\"ImageObject\",\"inLanguage\":\"en-US\",\"@id\":\"https:\/\/lesagaadventure.com\/fre\/#\/schema\/logo\/image\/\",\"url\":\"https:\/\/lesagaadventure.com\/fre\/wp-content\/uploads\/2022\/11\/logoweb.jpg\",\"contentUrl\":\"https:\/\/lesagaadventure.com\/fre\/wp-content\/uploads\/2022\/11\/logoweb.jpg\",\"width\":160,\"height\":107,\"caption\":\"Lesaga Adventure\"},\"image\":{\"@id\":\"https:\/\/lesagaadventure.com\/fre\/#\/schema\/logo\/image\/\"},\"sameAs\":[\"https:\/\/www.facebook.com\/lesagaadventure\"]}]}<\/script>\n<!-- \/ Yoast SEO plugin. -->","yoast_head_json":{"title":"SAFARI RHINO - Lesaga Adventure Safaris","robots":{"index":"index","follow":"follow","max-snippet":"max-snippet:-1","max-image-preview":"max-image-preview:large","max-video-preview":"max-video-preview:-1"},"canonical":"https:\/\/lesagaadventure.com\/fre\/safari-rhino\/","og_locale":"en_US","og_type":"article","og_title":"SAFARI RHINO - Lesaga Adventure Safaris","og_description":"[vc_row][vc_column width=&#8221;1\/4&#8243;][vc_single_image image=&#8221;5365&#8243; img_size=&#8221;full&#8221;][\/vc_column][vc_column width=&#8221;3\/4&#8243;][vc_column_text]Day1:\u00a0Reception at the airport and driving to Arusha at yourhotel Day 2:Arusha &gt;Tarangire National PArk On the morningyouwillleave Arusha for Tarangire National Park. Game drive in [&hellip;]","og_url":"https:\/\/lesagaadventure.com\/fre\/safari-rhino\/","og_site_name":"Lesaga Adventure Safaris","article_publisher":"https:\/\/www.facebook.com\/lesagaadventure","article_modified_time":"2023-06-19T16:48:45+00:00","twitter_card":"summary_large_image","twitter_misc":{"Est. reading time":"2 minutes"},"schema":{"@context":"https:\/\/schema.org","@graph":[{"@type":"WebPage","@id":"https:\/\/lesagaadventure.com\/fre\/safari-rhino\/","url":"https:\/\/lesagaadventure.com\/fre\/safari-rhino\/","name":"SAFARI RHINO - Lesaga Adventure Safaris","isPartOf":{"@id":"https:\/\/lesagaadventure.com\/fre\/#website"},"datePublished":"2022-11-06T13:17:51+00:00","dateModified":"2023-06-19T16:48:45+00:00","breadcrumb":{"@id":"https:\/\/lesagaadventure.com\/fre\/safari-rhino\/#breadcrumb"},"inLanguage":"en-US","potentialAction":[{"@type":"ReadAction","target":["https:\/\/lesagaadventure.com\/fre\/safari-rhino\/"]}]},{"@type":"BreadcrumbList","@id":"https:\/\/lesagaadventure.com\/fre\/safari-rhino\/#breadcrumb","itemListElement":[{"@type":"ListItem","position":1,"name":"Home","item":"https:\/\/lesagaadventure.com\/fre\/fre\/"},{"@type":"ListItem","position":2,"name":"SAFARI RHINO"}]},{"@type":"WebSite","@id":"https:\/\/lesagaadventure.com\/fre\/#website","url":"https:\/\/lesagaadventure.com\/fre\/","name":"Lesaga Adventure","description":"Adventure Safari in Tanzania, Mt Kilimanjaro Trekking","publisher":{"@id":"https:\/\/lesagaadventure.com\/fre\/#organization"},"potentialAction":[{"@type":"SearchAction","target":{"@type":"EntryPoint","urlTemplate":"https:\/\/lesagaadventure.com\/fre\/?s={search_term_string}"},"query-input":"required name=search_term_string"}],"inLanguage":"en-US"},{"@type":"Organization","@id":"https:\/\/lesagaadventure.com\/fre\/#organization","name":"Lesaga Adventure","url":"https:\/\/lesagaadventure.com\/fre\/","logo":{"@type":"ImageObject","inLanguage":"en-US","@id":"https:\/\/lesagaadventure.com\/fre\/#\/schema\/logo\/image\/","url":"https:\/\/lesagaadventure.com\/fre\/wp-content\/uploads\/2022\/11\/logoweb.jpg","contentUrl":"https:\/\/lesagaadventure.com\/fre\/wp-content\/uploads\/2022\/11\/logoweb.jpg","width":160,"height":107,"caption":"Lesaga Adventure"},"image":{"@id":"https:\/\/lesagaadventure.com\/fre\/#\/schema\/logo\/image\/"},"sameAs":["https:\/\/www.facebook.com\/lesagaadventure"]}]}},"_links":{"self":[{"href":"https:\/\/lesagaadventure.com\/fre\/wp-json\/wp\/v2\/pages\/5340","targetHints":{"allow":["GET"]}}],"collection":[{"href":"https:\/\/lesagaadventure.com\/fre\/wp-json\/wp\/v2\/pages"}],"about":[{"href":"https:\/\/lesagaadventure.com\/fre\/wp-json\/wp\/v2\/types\/page"}],"author":[{"embeddable":true,"href":"https:\/\/lesagaadventure.com\/fre\/wp-json\/wp\/v2\/users\/1"}],"replies":[{"embeddable":true,"href":"https:\/\/lesagaadventure.com\/fre\/wp-json\/wp\/v2\/comments?post=5340"}],"version-history":[{"count":4,"href":"https:\/\/lesagaadventure.com\/fre\/wp-json\/wp\/v2\/pages\/5340\/revisions"}],"predecessor-version":[{"id":5454,"href":"https:\/\/lesagaadventure.com\/fre\/wp-json\/wp\/v2\/pages\/5340\/revisions\/5454"}],"wp:attachment":[{"href":"https:\/\/lesagaadventure.com\/fre\/wp-json\/wp\/v2\/media?parent=5340"}],"curies":[{"name":"wp","href":"https:\/\/api.w.org\/{rel}","templated":true}]}}