{"id":5371,"date":"2022-11-07T03:57:05","date_gmt":"2022-11-07T03:57:05","guid":{"rendered":"https:\/\/lesagaadventure.com\/fre\/?page_id=5371"},"modified":"2022-11-07T04:05:37","modified_gmt":"2022-11-07T04:05:37","slug":"cultural-tourism","status":"publish","type":"page","link":"https:\/\/lesagaadventure.com\/fre\/cultural-tourism\/","title":{"rendered":"Cultural Tourism"},"content":{"rendered":"<p>[vc_row][vc_column width=&#8221;1\/4&#8243;][vc_single_image image=&#8221;5374&#8243; img_size=&#8221;full&#8221;][\/vc_column][vc_column width=&#8221;3\/4&#8243;][vc_empty_space][vc_column_text]La Tanzanie abrite environ 125 ethnies qui vivent en parfaite harmonie. Nous pouvons vous proposer de rencontrer certaines d\u2019entre elles, par le biais de programme d\u2019eco tourisme<\/p>\n<p>Le tourisme culturel est un aspect important dans la promotion du d\u00e9veloppement durable des communaut\u00e9s. Cela permet aux ethnies rencontr\u00e9es de donner l\u2019opportunit\u00e9 de promouvoir leur culture et leurs traditions au sein de leur environnement.[\/vc_column_text][\/vc_column][\/vc_row][vc_row][vc_column][vc_column_text]<\/p>\n<h3><strong>PRINCIPALES ETHNIES<\/strong><\/h3>\n<h4><strong>Les Masais, le peuple noble<\/strong>.<\/h4>\n<p>V\u00e9tus de leurs traditionnels shukas, les Masais font totalement partie des paysages du Nord de la Tanzanie. On peut les voir dans leurs villages mais aussi le long des routes et des chemins. Eleveurs, on peut les rencontrer autour de leur b\u00e9tail, souvent gard\u00e9 par des enfants.<\/p>\n<p>Vivant dans une soci\u00e9t\u00e9 patriarcale, les Masa\u00ees changent de statut pendant leur vie, de jeunes guerriers \u00e0 guerriers adultes jusqu\u2019\u00e0 leur vieillesse.<\/p>\n<p>A chaqueage correspond des diff\u00e9rentes responsabilit\u00e9s, des droits et des v\u00eatements.<\/p>\n<p>Les rites de passage des Masa\u00efs suivent des r\u00e8gles bien pr\u00e9cises.<\/p>\n<p>La premi\u00e8re \u00e9tape permet au jeune enfant de devenir un Morane, un guerrier avec une chevelure enduite de terre rouge. Une c\u00e9r\u00e9monie de 4 jours a lieu aux 12 et 15 ans du jeune. Le plus \u00e2g\u00e9 du groupe est d\u00e9sign\u00e9 pour \u00eatre le chef des autres.<\/p>\n<p>Un ou deux ans plus tard, les jeunes gens doivent montrer leur force en s\u2019attaquant \u00e0 un buffle, seulement avec leur mains comme arme, en signe de bravoure .Le jeune guerrier est alors circoncis et devient un Moran. Il vivra alors avec un groupe de compagnons du m\u00eame \u00e2ge et il va acqu\u00e9rir les droits de v\u00eatir un shuka et de poss\u00e9der un champ. Il doit faire ses preuves en chassant.[\/vc_column_text][\/vc_column][\/vc_row][vc_row][vc_column width=&#8221;2\/3&#8243;][vc_column_text]Lors de la c\u00e9r\u00e9monie Eunoto, les Moranes peuvent acc\u00e9der \u00e0 un statut sup\u00e9rieur. Le groupe de la m\u00eame classe d\u2019\u00e2ge choisi un leader (Olunoto) qui devra montrer son exceptionnelle moralit\u00e9 et sa force physique. Il aura alors le statut inf\u00e9rieur d\u2019Oleguenani mais il b\u00e9n\u00e9ficiera d\u2019un grand prestige et d\u2019autorit\u00e9. Confirm\u00e9 par le laibon (le chef du village), l\u2019Olunoto peut alors choisir une femme.<\/p>\n<p>La polygamie est autoris\u00e9e et les pariages sont souvent arrang\u00e9s.<\/p>\n<p>Vous pouvez rencontrer les Masa\u00efs lors de visite de village, ou alors au lac Natron o\u00f9 vous pouvez avoir l\u2019opportunit\u00e9 de vivre avec eux en immersion pendant 3 jours.[\/vc_column_text][\/vc_column][vc_column width=&#8221;1\/3&#8243;][vc_single_image image=&#8221;5374&#8243; img_size=&#8221;full&#8221;][\/vc_column][\/vc_row][vc_row][vc_column width=&#8221;2\/3&#8243;][vc_column_text]<\/p>\n<h4><strong>Hadzabe<\/strong>, les bushmen. Insolite et unique!<\/h4>\n<p>Les Hadzabe vivent aux alentours du Lac Eyasi, dans un leiu isol\u00e9 de la vall\u00e9e du rift. Ils sont consid\u00e9r\u00e9s par les ethnologues comme le dernier peuple nomade chasseur de l\u2019Afrique de l\u2019Est.<\/p>\n<p>Ils vivent dans des petits groupes familiaux d\u2019environ 20 individus. Leur journ\u00e9e est organis\u00e9e autour de la chasse. Ils n\u2019ont pas d\u2019habitat r\u00e9ellement b\u00e2ti et stable. Il n\u2019y pas de structure hi\u00e9rarchique dans leur soci\u00e9t\u00e9.<\/p>\n<p>Les familles se partagent l\u2019\u00e9ducation des enfants, la nourriture et d\u2019autres ressources<\/p>\n<p>Leur langue ressemble \u00e0 la langue \u00e0 click des Bushmen du Kalahari au Bostwana.<\/p>\n<p>C\u2019est tr\u00e8s int\u00e9ressant de les approcher Vous pouvez passer un moment au sein de leur communaut\u00e9, vous communiquerez avec eux par le biais d\u2019un guide local qui parle leur langue. Nous organisons des \u00ab\u00a0chasses\u00a0\u00bb avec eux. Rassurez-vus, il s\u2019agit de chasse \u00e0 l\u2019arc et de petit gibier. Vous pouvez les rencontrer lors du safari RHINO ou d\u2019un safari sur mesure.[\/vc_column_text][\/vc_column][vc_column width=&#8221;1\/3&#8243;][vc_single_image image=&#8221;5377&#8243; img_size=&#8221;full&#8221;][\/vc_column][\/vc_row][vc_row][vc_column width=&#8221;2\/3&#8243;][vc_column_text]<\/p>\n<h4><strong>Les Datogas, les bergers du Lac<\/strong><\/h4>\n<p>Pr\u00e8s du Lac Eyasi, vit la tribu des Datigas, des bergers de la r\u00e9gion de Ngorongoro qui furent chass\u00e9s par les Masa\u00efs vers le Sud. Ils s\u2019install\u00e8rent alors pr\u00e8s du Lac Eyasi. Ils ont de nombreux points communs avec les Masa\u00efs, m\u00eame s\u2019ils ont \u00e9t\u00e9 longtemps ennemis\u00a0; Leurs maisons ressemblent \u00e0 celles des Masais Les hommes sont polygames. Les Datogas sont aussi des forgerons.Les femmes ont des scarifications autour des yeux.<\/p>\n<p>Lors d\u2019une visite \u00e0 Eyasi, nous vous propososn une visite des cette ethnie. Vous pouvez les rencontrer lors du safari RHINO ou d\u2019un safari sur mesure.[\/vc_column_text][\/vc_column][vc_column width=&#8221;1\/3&#8243;][vc_single_image image=&#8221;5379&#8243; img_size=&#8221;full&#8221;][\/vc_column][\/vc_row]<\/p>\n","protected":false},"excerpt":{"rendered":"<p>[vc_row][vc_column width=&#8221;1\/4&#8243;][vc_single_image image=&#8221;5374&#8243; img_size=&#8221;full&#8221;][\/vc_column][vc_column width=&#8221;3\/4&#8243;][vc_empty_space][vc_column_text]La Tanzanie abrite environ 125 ethnies qui vivent en parfaite harmonie. Nous pouvons vous proposer de rencontrer certaines d\u2019entre elles, par le biais de programme d\u2019eco [&hellip;]<\/p>\n","protected":false},"author":1,"featured_media":0,"parent":0,"menu_order":0,"comment_status":"closed","ping_status":"closed","template":"","meta":{"footnotes":""},"class_list":["post-5371","page","type-page","status-publish","hentry",null],"yoast_head":"<!-- This site is optimized with the Yoast SEO plugin v19.9 - https:\/\/yoast.com\/wordpress\/plugins\/seo\/ -->\n<title>Cultural Tourism - Lesaga Adventure Safaris<\/title>\n<meta name=\"robots\" content=\"index, follow, max-snippet:-1, max-image-preview:large, max-video-preview:-1\" \/>\n<link rel=\"canonical\" href=\"https:\/\/lesagaadventure.com\/fre\/cultural-tourism\/\" \/>\n<meta property=\"og:locale\" content=\"en_US\" \/>\n<meta property=\"og:type\" content=\"article\" \/>\n<meta property=\"og:title\" content=\"Cultural Tourism - Lesaga Adventure Safaris\" \/>\n<meta property=\"og:description\" content=\"[vc_row][vc_column width=&#8221;1\/4&#8243;][vc_single_image image=&#8221;5374&#8243; img_size=&#8221;full&#8221;][\/vc_column][vc_column width=&#8221;3\/4&#8243;][vc_empty_space][vc_column_text]La Tanzanie abrite environ 125 ethnies qui vivent en parfaite harmonie. Nous pouvons vous proposer de rencontrer certaines d\u2019entre elles, par le biais de programme d\u2019eco [&hellip;]\" \/>\n<meta property=\"og:url\" content=\"https:\/\/lesagaadventure.com\/fre\/cultural-tourism\/\" \/>\n<meta property=\"og:site_name\" content=\"Lesaga Adventure Safaris\" \/>\n<meta property=\"article:publisher\" content=\"https:\/\/www.facebook.com\/lesagaadventure\" \/>\n<meta property=\"article:modified_time\" content=\"2022-11-07T04:05:37+00:00\" \/>\n<meta name=\"twitter:card\" content=\"summary_large_image\" \/>\n<meta name=\"twitter:label1\" content=\"Est. reading time\" \/>\n\t<meta name=\"twitter:data1\" content=\"4 minutes\" \/>\n<script type=\"application\/ld+json\" class=\"yoast-schema-graph\">{\"@context\":\"https:\/\/schema.org\",\"@graph\":[{\"@type\":\"WebPage\",\"@id\":\"https:\/\/lesagaadventure.com\/fre\/cultural-tourism\/\",\"url\":\"https:\/\/lesagaadventure.com\/fre\/cultural-tourism\/\",\"name\":\"Cultural Tourism - Lesaga Adventure Safaris\",\"isPartOf\":{\"@id\":\"https:\/\/lesagaadventure.com\/fre\/#website\"},\"datePublished\":\"2022-11-07T03:57:05+00:00\",\"dateModified\":\"2022-11-07T04:05:37+00:00\",\"breadcrumb\":{\"@id\":\"https:\/\/lesagaadventure.com\/fre\/cultural-tourism\/#breadcrumb\"},\"inLanguage\":\"en-US\",\"potentialAction\":[{\"@type\":\"ReadAction\",\"target\":[\"https:\/\/lesagaadventure.com\/fre\/cultural-tourism\/\"]}]},{\"@type\":\"BreadcrumbList\",\"@id\":\"https:\/\/lesagaadventure.com\/fre\/cultural-tourism\/#breadcrumb\",\"itemListElement\":[{\"@type\":\"ListItem\",\"position\":1,\"name\":\"Home\",\"item\":\"https:\/\/lesagaadventure.com\/fre\/fre\/\"},{\"@type\":\"ListItem\",\"position\":2,\"name\":\"Cultural Tourism\"}]},{\"@type\":\"WebSite\",\"@id\":\"https:\/\/lesagaadventure.com\/fre\/#website\",\"url\":\"https:\/\/lesagaadventure.com\/fre\/\",\"name\":\"Lesaga Adventure\",\"description\":\"Adventure Safari in Tanzania, Mt Kilimanjaro Trekking\",\"publisher\":{\"@id\":\"https:\/\/lesagaadventure.com\/fre\/#organization\"},\"potentialAction\":[{\"@type\":\"SearchAction\",\"target\":{\"@type\":\"EntryPoint\",\"urlTemplate\":\"https:\/\/lesagaadventure.com\/fre\/?s={search_term_string}\"},\"query-input\":\"required name=search_term_string\"}],\"inLanguage\":\"en-US\"},{\"@type\":\"Organization\",\"@id\":\"https:\/\/lesagaadventure.com\/fre\/#organization\",\"name\":\"Lesaga Adventure\",\"url\":\"https:\/\/lesagaadventure.com\/fre\/\",\"logo\":{\"@type\":\"ImageObject\",\"inLanguage\":\"en-US\",\"@id\":\"https:\/\/lesagaadventure.com\/fre\/#\/schema\/logo\/image\/\",\"url\":\"https:\/\/lesagaadventure.com\/fre\/wp-content\/uploads\/2022\/11\/logoweb.jpg\",\"contentUrl\":\"https:\/\/lesagaadventure.com\/fre\/wp-content\/uploads\/2022\/11\/logoweb.jpg\",\"width\":160,\"height\":107,\"caption\":\"Lesaga Adventure\"},\"image\":{\"@id\":\"https:\/\/lesagaadventure.com\/fre\/#\/schema\/logo\/image\/\"},\"sameAs\":[\"https:\/\/www.facebook.com\/lesagaadventure\"]}]}<\/script>\n<!-- \/ Yoast SEO plugin. -->","yoast_head_json":{"title":"Cultural Tourism - Lesaga Adventure Safaris","robots":{"index":"index","follow":"follow","max-snippet":"max-snippet:-1","max-image-preview":"max-image-preview:large","max-video-preview":"max-video-preview:-1"},"canonical":"https:\/\/lesagaadventure.com\/fre\/cultural-tourism\/","og_locale":"en_US","og_type":"article","og_title":"Cultural Tourism - Lesaga Adventure Safaris","og_description":"[vc_row][vc_column width=&#8221;1\/4&#8243;][vc_single_image image=&#8221;5374&#8243; img_size=&#8221;full&#8221;][\/vc_column][vc_column width=&#8221;3\/4&#8243;][vc_empty_space][vc_column_text]La Tanzanie abrite environ 125 ethnies qui vivent en parfaite harmonie. Nous pouvons vous proposer de rencontrer certaines d\u2019entre elles, par le biais de programme d\u2019eco [&hellip;]","og_url":"https:\/\/lesagaadventure.com\/fre\/cultural-tourism\/","og_site_name":"Lesaga Adventure Safaris","article_publisher":"https:\/\/www.facebook.com\/lesagaadventure","article_modified_time":"2022-11-07T04:05:37+00:00","twitter_card":"summary_large_image","twitter_misc":{"Est. reading time":"4 minutes"},"schema":{"@context":"https:\/\/schema.org","@graph":[{"@type":"WebPage","@id":"https:\/\/lesagaadventure.com\/fre\/cultural-tourism\/","url":"https:\/\/lesagaadventure.com\/fre\/cultural-tourism\/","name":"Cultural Tourism - Lesaga Adventure Safaris","isPartOf":{"@id":"https:\/\/lesagaadventure.com\/fre\/#website"},"datePublished":"2022-11-07T03:57:05+00:00","dateModified":"2022-11-07T04:05:37+00:00","breadcrumb":{"@id":"https:\/\/lesagaadventure.com\/fre\/cultural-tourism\/#breadcrumb"},"inLanguage":"en-US","potentialAction":[{"@type":"ReadAction","target":["https:\/\/lesagaadventure.com\/fre\/cultural-tourism\/"]}]},{"@type":"BreadcrumbList","@id":"https:\/\/lesagaadventure.com\/fre\/cultural-tourism\/#breadcrumb","itemListElement":[{"@type":"ListItem","position":1,"name":"Home","item":"https:\/\/lesagaadventure.com\/fre\/fre\/"},{"@type":"ListItem","position":2,"name":"Cultural Tourism"}]},{"@type":"WebSite","@id":"https:\/\/lesagaadventure.com\/fre\/#website","url":"https:\/\/lesagaadventure.com\/fre\/","name":"Lesaga Adventure","description":"Adventure Safari in Tanzania, Mt Kilimanjaro Trekking","publisher":{"@id":"https:\/\/lesagaadventure.com\/fre\/#organization"},"potentialAction":[{"@type":"SearchAction","target":{"@type":"EntryPoint","urlTemplate":"https:\/\/lesagaadventure.com\/fre\/?s={search_term_string}"},"query-input":"required name=search_term_string"}],"inLanguage":"en-US"},{"@type":"Organization","@id":"https:\/\/lesagaadventure.com\/fre\/#organization","name":"Lesaga Adventure","url":"https:\/\/lesagaadventure.com\/fre\/","logo":{"@type":"ImageObject","inLanguage":"en-US","@id":"https:\/\/lesagaadventure.com\/fre\/#\/schema\/logo\/image\/","url":"https:\/\/lesagaadventure.com\/fre\/wp-content\/uploads\/2022\/11\/logoweb.jpg","contentUrl":"https:\/\/lesagaadventure.com\/fre\/wp-content\/uploads\/2022\/11\/logoweb.jpg","width":160,"height":107,"caption":"Lesaga Adventure"},"image":{"@id":"https:\/\/lesagaadventure.com\/fre\/#\/schema\/logo\/image\/"},"sameAs":["https:\/\/www.facebook.com\/lesagaadventure"]}]}},"_links":{"self":[{"href":"https:\/\/lesagaadventure.com\/fre\/wp-json\/wp\/v2\/pages\/5371","targetHints":{"allow":["GET"]}}],"collection":[{"href":"https:\/\/lesagaadventure.com\/fre\/wp-json\/wp\/v2\/pages"}],"about":[{"href":"https:\/\/lesagaadventure.com\/fre\/wp-json\/wp\/v2\/types\/page"}],"author":[{"embeddable":true,"href":"https:\/\/lesagaadventure.com\/fre\/wp-json\/wp\/v2\/users\/1"}],"replies":[{"embeddable":true,"href":"https:\/\/lesagaadventure.com\/fre\/wp-json\/wp\/v2\/comments?post=5371"}],"version-history":[{"count":7,"href":"https:\/\/lesagaadventure.com\/fre\/wp-json\/wp\/v2\/pages\/5371\/revisions"}],"predecessor-version":[{"id":5381,"href":"https:\/\/lesagaadventure.com\/fre\/wp-json\/wp\/v2\/pages\/5371\/revisions\/5381"}],"wp:attachment":[{"href":"https:\/\/lesagaadventure.com\/fre\/wp-json\/wp\/v2\/media?parent=5371"}],"curies":[{"name":"wp","href":"https:\/\/api.w.org\/{rel}","templated":true}]}}